{"id":1578,"date":"2020-09-24T08:34:20","date_gmt":"2020-09-24T01:34:20","guid":{"rendered":"https:\/\/khangngoc.com\/systems\/commercial-ro"},"modified":"2021-09-10T07:44:17","modified_gmt":"2021-09-10T00:44:17","slug":"he-thong-loc-ro-dan-dung","status":"publish","type":"page","link":"https:\/\/khangngoc.com\/en\/systems\/he-thong-loc-ro-dan-dung","title":{"rendered":"Commercial RO system"},"content":{"rendered":"\t<section class=\"section\" id=\"section_979227744\">\n\t\t<div class=\"bg section-bg fill bg-fill bg-loaded \" >\n\n\t\t\t\n\t\t\t<div class=\"section-bg-overlay absolute fill\"><\/div>\n\t\t\t\n\n\t\t<\/div>\n\n\t\t\n\n\t\t<div class=\"section-content relative\">\n\t\t\t\n<div class=\"row row-small\"  id=\"row-1556213740\">\n\n\t<div id=\"col-793222922\" class=\"col small-12 large-12\"  data-animate=\"fadeInUp\">\n\t\t\t\t<div class=\"col-inner text-center\"  >\n\t\t\t\n\t\t\t\n<h1 style=\"color: #fff; text-align: center; font-size: 70px;\">H\u1ec6 TH\u1ed0NG RO D\u00c2N D\u1ee4NG V\u00c0 TI\u00caU CHU\u1ea8N<\/h1>\n<a class=\"button primary contact-sp\"  >\n    <span>LI\u00caN H\u1ec6<\/span>\n  <\/a>\n\n\t\t<\/div>\n\t\t\t\t\t<\/div>\n\n\t\n<\/div>\n\t\t<\/div>\n\n\t\t\n<style>\n#section_979227744 {\n  padding-top: 30px;\n  padding-bottom: 30px;\n}\n#section_979227744 .section-bg-overlay {\n  background-color: rgba(6, 31, 92, 0.92);\n}\n#section_979227744 .section-bg.bg-loaded {\n  background-image: url(https:\/\/khangngoc.com\/wp-content\/uploads\/2020\/09\/1920x1080.jpg);\n}\n#section_979227744 .section-bg {\n  background-position: 50% 50%;\n}\n#section_979227744 .ux-shape-divider--top svg {\n  height: 150px;\n  --divider-top-width: 100%;\n}\n#section_979227744 .ux-shape-divider--bottom svg {\n  height: 150px;\n  --divider-width: 100%;\n}\n<\/style>\n\t<\/section>\n\t\n<div class=\"row row-small\"  id=\"row-1227839104\">\n\n\t<div id=\"col-1544433895\" class=\"col small-12 large-12\"  data-animate=\"fadeInLeft\">\n\t\t\t\t<div class=\"col-inner\"  >\n\t\t\t\n\t\t\t\n<h2 style=\"font-size: 40px; color: #061f5c;\">H\u1ec7 th\u1ed1ng l\u1ecdc <a href=\"https:\/\/khangngoc.com\/san-pham\/mang-ro\">RO<\/a> d\u00e2n d\u1ee5ng v\u00e0 ti\u00eau chu\u1ea9n<\/h2>\n\t\t<\/div>\n\t\t\t\t\t<\/div>\n\n\t\n\n\t<div id=\"col-1606136460\" class=\"col small-12 large-12\"  data-animate=\"fadeInRight\">\n\t\t\t\t<div class=\"col-inner\"  >\n\t\t\t\n\t\t\t\n<div class=\"is-divider divider clearfix\" style=\"max-width:80px;height:7px;background-color:rgb(211, 140, 63);\"><\/div>\n\t\t<\/div>\n\t\t\t\t\t<\/div>\n\n\t\n\n\t<div id=\"col-812358138\" class=\"col medium-8 small-12 large-8\"  >\n\t\t\t\t<div class=\"col-inner\"  >\n\t\t\t\n\t\t\t\n<div>\n<h4><strong>GI\u1edaI THI\u1ec6U H\u1ec6 TH\u1ed0NG L\u1eccC RO D\u00c2N D\u1ee4NG V\u00c0 TI\u00caU CHU\u1ea8N \u0110\u01af\u1ee2C THI\u1ebeT K\u1ebe B\u1edeI KHANG NG\u1eccC <a href=\"https:\/\/khangngoc.com\/gioi-thieu-khang-ngoc\"><em>(KNE)<\/em><\/a><\/strong><\/h4>\n<\/div>\n<div>L\u1ecdc th\u1ea9m th\u1ea5u ng\u01b0\u1ee3c (RO) l\u00e0 m\u1ed9t qu\u00e1 tr\u00ecnh l\u1ecdc n\u01b0\u1edbc s\u1eed d\u1ee5ng m\u1ed9t m\u00e0ng th\u1ea5m\u00a0 \u0111\u1ec3 t\u00e1ch c\u00e1c ion, c\u00e1c ph\u00e2n t\u1eed kh\u00f4ng mong mu\u1ed1n v\u00e0 c\u00e1c ph\u1ea7n t\u1eed l\u1edbn h\u01a1n n\u01b0\u1edbc ra kh\u1ecfi n\u01b0\u1edbc u\u1ed1ng. Trong th\u1ea9m th\u1ea5u ng\u01b0\u1ee3c, m\u1ed9t \u00e1p su\u1ea5t \u0111\u01b0\u1ee3c s\u1eed d\u1ee5ng \u0111\u01b0\u1ee3c s\u1eed d\u1ee5ng \u0111\u1ec3 v\u01b0\u1ee3t qua \u00e1p su\u1ea5t th\u1ea9m th\u1ea5u.\u00a0 <\/p>\n<p>Th\u1ea9m th\u1ea5u ng\u01b0\u1ee3c c\u00f3 th\u1ec3 lo\u1ea1i b\u1ecf nhi\u1ec1u lo\u1ea1i h\u00f3a ch\u1ea5t h\u00f2a tan v\u00e0 l\u01a1 l\u1eedng c\u0169ng nh\u01b0 c\u00e1c ch\u1ea5t sinh h\u1ecdc (ch\u1ee7 y\u1ebfu l\u00e0 vi khu\u1ea9n) kh\u1ecfi n\u01b0\u1edbc, v\u00e0 \u0111\u01b0\u1ee3c s\u1eed d\u1ee5ng trong c\u1ea3 quy tr\u00ecnh c\u00f4ng nghi\u1ec7p v\u00e0 s\u1ea3n xu\u1ea5t n\u01b0\u1edbc u\u1ed1ng.\u00a0 \u0110\u1ec3 \u201cch\u1ecdn l\u1ecdc\u201d, m\u00e0ng n\u00e0y kh\u00f4ng \u0111\u01b0\u1ee3c cho ph\u00e9p c\u00e1c ph\u00e2n t\u1eed ho\u1eb7c ion l\u1edbn \u0111i qua c\u00e1c l\u1ed7 (l\u1ed7), nh\u01b0ng ph\u1ea3i cho ph\u00e9p c\u00e1c th\u00e0nh ph\u1ea7n nh\u1ecf h\u01a1n c\u1ee7a dung d\u1ecbch (ch\u1eb3ng h\u1ea1n nh\u01b0 c\u00e1c ph\u00e2n t\u1eed dung m\u00f4i, v\u00ed d\u1ee5, n\u01b0\u1edbc ) \u0111i qua m\u1ed9t c\u00e1ch t\u1ef1 do.<\/p>\n<\/div>\n<div>\u00a0<\/div>\n<div>\u00dd ngh\u0129a tr\u1ef1c ti\u1ebfp c\u1ee7a th\u1ea9m th\u1ea5u ng\u01b0\u1ee3c (H\u1ec6 TH\u1ed0NG L\u1eccC RO) l\u00e0 s\u1ef1 di chuy\u1ec3n c\u1ee7a n\u01b0\u1edbc qua m\u00e0ng khi c\u00f3 \u00e1p l\u1ef1c t\u00e1c \u0111\u1ed9ng l\u00ean m\u1ed9t m\u1eb7t c\u1ee7a m\u00e0ng. Th\u1ea9m th\u1ea5u ng\u01b0\u1ee3c l\u00e0 m\u1ed9t trong nh\u1eefng c\u00f4ng ngh\u1ec7 kinh t\u1ebf, hi\u1ec7u qu\u1ea3 nh\u1ea5t hi\u1ec7n c\u00f3 \u0111\u1ec3 lo\u1ea1i b\u1ecf m\u1ed9t lo\u1ea1t c\u00e1c t\u1ea1p ch\u1ea5t kh\u1ecfi n\u01b0\u1edbc.<\/div>\n<div>\u00a0<\/div>\n<div>\n<div>L\u1ee2I \u00cdCH C\u1ee6A VI\u1ec6C S\u1eec D\u1ee4NG H\u1ec6 TH\u1ed0NG L\u1eccC RO<\/div>\n<div>L\u00e0 m\u1ed9t trong c\u00e1c qu\u00e1 tr\u00ecnh x\u1eed l\u00fd n\u01b0\u1edbc, l\u1ecdc th\u1ea9m th\u1ea5u ng\u01b0\u1ee3c RO cung c\u1ea5p nhi\u1ec1u \u01b0u \u0111i\u1ec3m, bao g\u1ed3m:<\/div>\n<div>\u00a0<\/div>\n<ul>\n<li>Gi\u1ea3m t\u1ed5ng ch\u1ea5t r\u1eafn h\u00f2a tan: Th\u1ea9m th\u1ea5u ng\u01b0\u1ee3c l\u00e0 m\u1ed9t trong nh\u1eefng quy tr\u00ecnh x\u1eed l\u00fd n\u01b0\u1edbc hi\u1ebfm hoi c\u00f3 th\u1ec3 t\u1ef1 h\u00e0o l\u00e0m gi\u1ea3m t\u1ed5ng ch\u1ea5t r\u1eafn h\u00f2a tan. M\u1ed9t s\u1ed1 ph\u01b0\u01a1ng ph\u00e1p x\u1eed l\u00fd kh\u00e1c c\u00f3 kh\u1ea3 n\u0103ng n\u00e0y th\u01b0\u1eddng k\u00e9m hi\u1ec7u qu\u1ea3 h\u01a1n so v\u1edbi ph\u01b0\u01a1ng ph\u00e1p th\u1ea9m th\u1ea5u ng\u01b0\u1ee3c.<\/li>\n<li>Hi\u1ec7u qu\u1ea3 v\u1ec1 chi ph\u00ed: Th\u1ea9m th\u1ea5u ng\u01b0\u1ee3c ph\u1ed5 bi\u1ebfn trong c\u00e1c c\u01a1 s\u1edf c\u00f4ng nghi\u1ec7p v\u00ec n\u00f3 c\u00f3 t\u00ednh kinh t\u1ebf cao so v\u1edbi c\u00e1c ph\u01b0\u01a1ng ph\u00e1p l\u1ecdc thay th\u1ebf. N\u00f3 cho ph\u00e9p c\u00e1c nh\u00e0 m\u00e1y x\u1eed l\u00fd l\u01b0\u1ee3ng n\u01b0\u1edbc l\u1edbn trong khi v\u1eabn tho\u1ea3i m\u00e1i trong ph\u1ea1m vi ng\u00e2n s\u00e1ch \u0111\u00e3 thi\u1ebft l\u1eadp c\u1ee7a ch\u00fang.<\/li>\n<li>Th\u00e2n thi\u1ec7n v\u1edbi m\u00f4i tr\u01b0\u1eddng: So v\u1edbi c\u00e1c ph\u01b0\u01a1ng ph\u00e1p x\u1eed l\u00fd kh\u00e1c, th\u1ea9m th\u1ea5u ng\u01b0\u1ee3c c\u0169ng t\u01b0\u01a1ng \u0111\u1ed1i th\u00e2n thi\u1ec7n v\u1edbi m\u00f4i tr\u01b0\u1eddng. N\u00f3 s\u1eed d\u1ee5ng \u00edt n\u0103ng l\u01b0\u1ee3ng h\u01a1n c\u00e1c ph\u01b0\u01a1ng ph\u00e1p kh\u00e1c nh\u01b0 ch\u01b0ng c\u1ea5t nhi\u1ec7t v\u00ec n\u00f3 kh\u00f4ng d\u1ef1a v\u00e0o vi\u1ec7c t\u1ea1o ra n\u0103ng l\u01b0\u1ee3ng. S\u1eed d\u1ee5ng ph\u01b0\u01a1ng ph\u00e1p th\u1ea9m th\u1ea5u ng\u01b0\u1ee3c c\u00f3 th\u1ec3 gi\u00fap c\u01a1 s\u1edf gi\u1ea3m l\u01b0\u1ee3ng kh\u00ed th\u1ea3i carbon, b\u1ea3o v\u1ec7 m\u00f4i tr\u01b0\u1eddng v\u00e0 g\u00f3p ph\u1ea7n h\u1ea1n ch\u1ebf bi\u1ebfn \u0111\u1ed5i kh\u00ed h\u1eadu.<\/li>\n<li>Lo\u1ea1i b\u1ecf \u0111\u1ed9 ki\u1ec1m v\u00e0 \u0111\u1ed9 c\u1ee9ng: Th\u1ea9m th\u1ea5u ng\u01b0\u1ee3c lo\u1ea1i b\u1ecf c\u00e1c ion canxi v\u00e0 magi\u00ea g\u00f3p ph\u1ea7n t\u1ea1o n\u00ean n\u01b0\u1edbc c\u1ee9ng, c\u0169ng nh\u01b0 c\u00e1c ion cacbonat g\u00f3p ph\u1ea7n t\u1ea1o ra \u0111\u1ed9 ki\u1ec1m kh\u00f4ng mong mu\u1ed1n.<\/li>\n<\/ul>\n<\/div>\n<div>Th\u1ea9m th\u1ea5u ng\u01b0\u1ee3c \u0111\u01b0\u1ee3c bi\u1ebft \u0111\u1ebfn nhi\u1ec1u nh\u1ea5t \u0111\u1ec3 s\u1eed d\u1ee5ng trong vi\u1ec7c l\u1ecdc n\u01b0\u1edbc u\u1ed1ng t\u1eeb n\u01b0\u1edbc bi\u1ec3n, lo\u1ea1i b\u1ecf mu\u1ed1i v\u00e0 c\u00e1c ch\u1ea5t th\u1ea3i kh\u00e1c ra kh\u1ecfi c\u00e1c ph\u00e2n t\u1eed n\u01b0\u1edbc.<\/div>\n<h3 style=\"color: #061f5c; font-size: 22px; margin-bottom: 0;\">\n<p>BWRO 1500 \u2013 12000<\/h3>\n<h4 style=\"color: #061f5c; font-size: 18px; margin-bottom: 0;\"><strong>H\u1ec6 TH\u1ed0NG L\u1eccC <a href=\"https:\/\/khangngoc.com\/san-pham\/mang-ro\">RO<\/a> TI\u00caU CHU\u1ea8N \u00c1P D\u1ee4NG CHO N\u01af\u1edaC SAU TI\u1ec0N X\u1eec L\u00dd TH\u00d4 HO\u1eb6C N\u01af\u1edaC TH\u1ee6Y C\u1ee4C<\/strong><\/h4>\n<h4 style=\"color: #061f5c; font-size: 18px;\">1,500GPD \u2013 12,000GPD<\/h4>\n<h4 style=\"color: #061f5c; font-size: 18px;\"><strong>\u01afu \u0111i\u1ec3m:<\/strong><\/h4>\n<ul>\n<li>\u0110\u01b0\u1ee3c l\u1eafp r\u00e1p ho\u00e0n ch\u1ec9nh b\u1edfi <a href=\"https:\/\/khangngoc.com\/gioi-thieu-khang-ngoc\"><strong><em>KNE<\/em><\/strong><\/a><\/li>\n<li>Nhi\u1ec1u l\u1ef1a ch\u1ecdn v\u1eadt li\u1ec7u tr\u01b0\u1ee3t &#8211; Th\u00e9p kh\u00f4ng g\u1ec9, nh\u00f4m s\u01a1n t\u0129nh \u0111i\u1ec7n v\u00e0 th\u00e9p cacbon<\/li>\n<li>\u0110\u01b0\u1ee3c trang b\u1ecb \u0111\u1ea7y \u0111\u1ee7 v\u00e0 c\u00f3 th\u1ec3 t\u00f9y ch\u1ec9nh c\u00f4ng su\u1ea5t<\/li>\n<li>C\u00f3 th\u1ec3 m\u1edf r\u1ed9ng v\u00e0 g\u1eafn tr\u01b0\u1ee3t<\/li>\n<li>C\u00e1c thi\u1ebft b\u1ecb th\u00f4ng d\u1ee5ng c\u00f3 th\u1ec3 thay th\u1ebf d\u1ec5 d\u00e0ng<\/li>\n<li>L\u1eafp s\u1eb3n \u1ed1ng v\u00e0 d\u00e2y \u0111i\u1ec7n tr\u00ean khung<\/li>\n<li>Chi ph\u00ed b\u1ea3o tr\u00ec th\u1ea5p<\/li>\n<li>B\u1ea3o tr\u00ec v\u00e0 b\u1ea3o d\u01b0\u1ee1ng d\u1ec5 d\u00e0ng<\/li>\n<li>B\u1ea3o h\u00e0nh c\u00f3 1 n\u0103m, b\u1ea3o tr\u00ec mi\u1ec5n ph\u00ed 2 n\u0103m<\/li>\n<\/ul>\n<a href=\"https:\/\/khangngoc.com\/en\/products\/ro-membrane\" target=\"_self\" class=\"button primary nut-sp\"  >\n    <span>DOWNLOAD CATALOGUE<\/span>\n  <\/a>\n\n\t\t<\/div>\n\t\t\t\t\t<\/div>\n\n\t\n\n\t<div id=\"col-596048514\" class=\"col medium-4 small-12 large-4\"  >\n\t\t\t\t<div class=\"col-inner\"  >\n\t\t\t\n\t\t\t\n\t<div class=\"img has-hover x md-x lg-x y md-y lg-y\" id=\"image_1575662760\">\n\t\t\t\t\t\t\t\t<div class=\"img-inner box-shadow-1 dark\" >\n\t\t\t<img loading=\"lazy\" decoding=\"async\" width=\"800\" height=\"800\" src=\"https:\/\/khangngoc.com\/wp-content\/uploads\/2021\/09\/He-thong-RO-dan-dung-3.jpg\" class=\"attachment-large size-large\" alt=\"H\u1ec7 th\u1ed1ng RO d\u00e2n d\u1ee5ng\" srcset=\"https:\/\/khangngoc.com\/wp-content\/uploads\/2021\/09\/He-thong-RO-dan-dung-3.jpg 800w, https:\/\/khangngoc.com\/wp-content\/uploads\/2021\/09\/He-thong-RO-dan-dung-3-768x768.jpg 768w\" sizes=\"auto, (max-width: 800px) 100vw, 800px\" \/>\t\t\t\t\t\t\n\t\t\t\t\t<\/div>\n\t\t\t\t\t\t\t\t\n<style>\n#image_1575662760 {\n  width: 100%;\n}\n<\/style>\n\t<\/div>\n\t\n\t<div class=\"img has-hover x md-x lg-x y md-y lg-y\" id=\"image_1913991128\">\n\t\t\t\t\t\t\t\t<div class=\"img-inner box-shadow-1 dark\" >\n\t\t\t<img loading=\"lazy\" decoding=\"async\" width=\"800\" height=\"800\" src=\"https:\/\/khangngoc.com\/wp-content\/uploads\/2021\/09\/He-thong-RO-dan-dung.jpg\" class=\"attachment-large size-large\" alt=\"H\u1ec7 th\u1ed1ng RO gia d\u1ee5ng\" srcset=\"https:\/\/khangngoc.com\/wp-content\/uploads\/2021\/09\/He-thong-RO-dan-dung.jpg 800w, https:\/\/khangngoc.com\/wp-content\/uploads\/2021\/09\/He-thong-RO-dan-dung-768x768.jpg 768w\" sizes=\"auto, (max-width: 800px) 100vw, 800px\" \/>\t\t\t\t\t\t\n\t\t\t\t\t<\/div>\n\t\t\t\t\t\t\t\t\n<style>\n#image_1913991128 {\n  width: 100%;\n}\n<\/style>\n\t<\/div>\n\t\n\t<div class=\"img has-hover x md-x lg-x y md-y lg-y\" id=\"image_550308947\">\n\t\t\t\t\t\t\t\t<div class=\"img-inner box-shadow-1 dark\" >\n\t\t\t<img loading=\"lazy\" decoding=\"async\" width=\"800\" height=\"800\" src=\"https:\/\/khangngoc.com\/wp-content\/uploads\/2021\/09\/He-thong-RO-dan-dung-1.jpg\" class=\"attachment-large size-large\" alt=\"H\u1ec7 th\u1ed1ng l\u1ecdc RO d\u00e2n d\u1ee5ng\" srcset=\"https:\/\/khangngoc.com\/wp-content\/uploads\/2021\/09\/He-thong-RO-dan-dung-1.jpg 800w, https:\/\/khangngoc.com\/wp-content\/uploads\/2021\/09\/He-thong-RO-dan-dung-1-768x768.jpg 768w\" sizes=\"auto, (max-width: 800px) 100vw, 800px\" \/>\t\t\t\t\t\t\n\t\t\t\t\t<\/div>\n\t\t\t\t\t\t\t\t\n<style>\n#image_550308947 {\n  width: 100%;\n}\n<\/style>\n\t<\/div>\n\t\n\t<div id=\"gap-533039822\" class=\"gap-element clearfix\" style=\"display:block; height:auto;\">\n\t\t\n<style>\n#gap-533039822 {\n  padding-top: 50px;\n}\n<\/style>\n\t<\/div>\n\t\n\t<div id=\"gap-857804354\" class=\"gap-element clearfix\" style=\"display:block; height:auto;\">\n\t\t\n<style>\n#gap-857804354 {\n  padding-top: 0px;\n}\n<\/style>\n\t<\/div>\n\t\n\t<div class=\"img has-hover x md-x lg-x y md-y lg-y\" id=\"image_1417534575\">\n\t\t\t\t\t\t\t\t<div class=\"img-inner box-shadow-1 dark\" >\n\t\t\t<img loading=\"lazy\" decoding=\"async\" width=\"670\" height=\"1024\" src=\"https:\/\/khangngoc.com\/wp-content\/uploads\/2020\/10\/BWRO-1.png\" class=\"attachment-large size-large\" alt=\"H\u1ec7 th\u1ed1ng RO gia d\u1ee5ng Khang Ng\u1ecdc\" \/>\t\t\t\t\t\t\n\t\t\t\t\t<\/div>\n\t\t\t\t\t\t\t\t\n<style>\n#image_1417534575 {\n  width: 100%;\n}\n<\/style>\n\t<\/div>\n\t\n\t<div id=\"gap-819148825\" class=\"gap-element clearfix\" style=\"display:block; height:auto;\">\n\t\t\n<style>\n#gap-819148825 {\n  padding-top: 10px;\n}\n<\/style>\n\t<\/div>\n\t\n\t\t<\/div>\n\t\t\t\t\t<\/div>\n\n\t\n\n\t<div id=\"col-1385703023\" class=\"col medium-8 small-12 large-8\"  >\n\t\t\t\t<div class=\"col-inner\"  >\n\t\t\t\n\t\t\t\n<h3 style=\"color: #061f5c; font-size: 22px; margin-bottom: 0;\">TWRO 1500 \u2013 12000<\/h3>\n<h4 style=\"color: #061f5c; font-size: 18px; margin-bottom: 0;\"><strong>H\u1ec6 TH\u1ed0NG L\u1eccC <a href=\"https:\/\/khangngoc.com\/san-pham\/mang-ro\">RO<\/a> TI\u00caU CHU\u1ea8N \u00c1P D\u1ee4NG CHO N\u01af\u1edaC SAU TI\u1ec0N X\u1eec L\u00dd TH\u00d4 HO\u1eb6C N\u01af\u1edaC TH\u1ee6Y C\u1ee4C<\/strong><\/h4>\n<h4 style=\"color: #061f5c; font-size: 18px;\">1,500GPD \u2013 12,000GPD<\/h4>\n<h4 style=\"color: #061f5c; font-size: 18px;\"><strong>\u01afu \u0111i\u1ec3m:<\/strong><\/h4>\n<ul>\n<li>\u0110\u01b0\u1ee3c l\u1eafp r\u00e1p ho\u00e0n ch\u1ec9nh b\u1edfi <a href=\"https:\/\/khangngoc.com\/gioi-thieu-khang-ngoc\"><em><strong>KNE<\/strong><\/em><\/a><\/li>\n<li>V\u1eadt li\u1ec7u t\u1ee7 ch\u1ee9a thi\u1ebft b\u1ecb nh\u00f4m s\u01a1n t\u0129nh \u0111i\u1ec7n ho\u1eb7c inox<\/li>\n<li>\u0110\u01b0\u1ee3c trang b\u1ecb \u0111\u1ed3ng h\u1ed3 \u0111o \u0111\u1ed9 d\u1eabn \u0111i\u1ec7n\/TDS<\/li>\n<li>T\u1ef1 \u0111\u1ed9ng t\u1eaft h\u1ec7 th\u1ed1ng khi ch\u1ea5t l\u01b0\u1ee3ng n\u01b0\u1edbc \u0111\u1ea7u ra v\u01b0\u1ee3t ng\u01b0\u1ee1ng c\u00e0i \u0111\u1eb7t<\/li>\n<li>C\u00f3 trang b\u1ecb \u0111\u00e8n UV kh\u1eed tr\u00f9ng n\u01b0\u1edbc<\/li>\n<li>C\u00f3 th\u1ec3 u\u1ed1ng tr\u1ef1c ti\u1ebfp kh\u00f4ng c\u1ea7n qua \u0111un s\u00f4i<\/li>\n<li>M\u1ee9c ti\u00eau th\u1ee5 \u0111i\u1ec7n n\u0103ng th\u1ea5p (24VDC \/ 6.0Amps)<\/li>\n<li>M\u00f4-\u0111un thi\u1ebft k\u1ebf g\u1ecdn, c\u1eafm d\u00e2y v\u00e0 ch\u1ea1y<\/li>\n<li>Thi\u1ebft b\u1ecb nh\u1ecf g\u1ecdn (H 910m X D 350 X W 540m)<\/li>\n<li>Chi ph\u00ed b\u1ea3o tr\u00ec th\u1ea5p<\/li>\n<li>B\u1ea3o tr\u00ec v\u00e0 b\u1ea3o d\u01b0\u1ee1ng d\u1ec5 d\u00e0ng<\/li>\n<li>B\u1ea3o h\u00e0nh 1 n\u0103m, b\u1ea3o tr\u00ec 2 n\u0103m mi\u1ec5n ph\u00ed<\/li>\n<\/ul>\n<a href=\"https:\/\/khangngoc.com\/en\/products\/ro-membrane\" target=\"_self\" class=\"button primary nut-sp\"  >\n    <span>DOWNLOAD CATALOGUE<\/span>\n  <\/a>\n\n\t\t<\/div>\n\t\t\t\t\t<\/div>\n\n\t\n\n\t<div id=\"col-2077809081\" class=\"col medium-4 small-12 large-4\"  >\n\t\t\t\t<div class=\"col-inner\"  >\n\t\t\t\n\t\t\t\n\t<div class=\"img has-hover x md-x lg-x y md-y lg-y\" id=\"image_1875173660\">\n\t\t\t\t\t\t\t\t<div class=\"img-inner box-shadow-1 dark\" >\n\t\t\t<img loading=\"lazy\" decoding=\"async\" width=\"532\" height=\"802\" src=\"https:\/\/khangngoc.com\/wp-content\/uploads\/2020\/10\/TWRO1.png\" class=\"attachment-large size-large\" alt=\"H\u1ec7 th\u1ed1ng l\u1ecdc RO d\u00e2n d\u1ee5ng Khang Ng\u1ecdc 1\" \/>\t\t\t\t\t\t\n\t\t\t\t\t<\/div>\n\t\t\t\t\t\t\t\t\n<style>\n#image_1875173660 {\n  width: 100%;\n}\n<\/style>\n\t<\/div>\n\t\n\t<section class=\"section\" id=\"section_559434762\">\n\t\t<div class=\"bg section-bg fill bg-fill bg-loaded \" >\n\n\t\t\t\n\t\t\t<div class=\"section-bg-overlay absolute fill\"><\/div>\n\t\t\t\n\n\t\t<\/div>\n\n\t\t\n\n\t\t<div class=\"section-content relative\">\n\t\t\t\n<div class=\"row row-small\"  id=\"row-1324374386\">\n\n\t<div id=\"col-413798037\" class=\"col small-12 large-12\"  >\n\t\t\t\t<div class=\"col-inner\"  >\n\t\t\t\n\t\t\t\n<p style=\"color: #fff; font-size: 16px; margin-bottom: 0;\">Call us<\/p>\n<h3><a style=\"color: #d38c3f; font-size: 32px;\" href=\"tel:02837584648\">028.37584648<\/a><\/h3>\n<h3><a style=\"color: #d38c3f; font-size: 32px;\" href=\"https:\/\/zalo.me\/0983152032\" target=\"_blank\" rel=\"noopener\">0983.152.032<\/a><\/h3>\n\t\t<\/div>\n\t\t\t\t\t<\/div>\n\n\t\n\n<style>\n#row-1324374386 > .col > .col-inner {\n  padding: 20px 0px 0px 0px;\n}\n<\/style>\n<\/div>\n\t\t<\/div>\n\n\t\t\n<style>\n#section_559434762 {\n  padding-top: 0px;\n  padding-bottom: 0px;\n}\n#section_559434762 .section-bg-overlay {\n  background-color: rgba(6, 31, 92, 0.52);\n}\n#section_559434762 .section-bg.bg-loaded {\n  background-image: url(https:\/\/khangngoc.com\/wp-content\/uploads\/2020\/09\/1920x1080.jpg);\n}\n#section_559434762 .section-bg {\n  background-position: 50% 50%;\n}\n#section_559434762 .ux-shape-divider--top svg {\n  height: 150px;\n  --divider-top-width: 100%;\n}\n#section_559434762 .ux-shape-divider--bottom svg {\n  height: 150px;\n  --divider-width: 100%;\n}\n<\/style>\n\t<\/section>\n\t\n\t\t<\/div>\n\t\t\t\t\t<\/div>\n\n\t\n<\/div>\n\t<section class=\"section\" id=\"section_1993936530\">\n\t\t<div class=\"bg section-bg fill bg-fill bg-loaded \" >\n\n\t\t\t\n\t\t\t<div class=\"section-bg-overlay absolute fill\"><\/div>\n\t\t\t\n\n\t\t<\/div>\n\n\t\t\n\n\t\t<div class=\"section-content relative\">\n\t\t\t\n<div class=\"row row-small\"  id=\"row-2085257029\">\n\n\t<div id=\"col-565992974\" class=\"col medium-9 small-12 large-9\"  >\n\t\t\t\t<div class=\"col-inner\"  >\n\t\t\t\n\t\t\t\n<div class=\"row row-collapse\"  id=\"row-273307072\">\n\n\t<div id=\"col-347787633\" class=\"col small-12 large-12\"  data-animate=\"fadeInLeft\">\n\t\t\t\t<div class=\"col-inner\"  >\n\t\t\t\n\t\t\t\n<p style=\"font-size: 18px; color: #ffffff; margin-bottom: 0;\">EXPLORE THE POSSIBILITIES<\/p>\n\t\t<\/div>\n\t\t\t\t\t<\/div>\n\n\t\n\n\t<div id=\"col-164945999\" class=\"col small-12 large-12\"  data-animate=\"fadeInRight\">\n\t\t\t\t<div class=\"col-inner\"  >\n\t\t\t\n\t\t\t\n<h2 style=\"font-weight: 800; font-size: 46px; color: #ffffff; text-shadow: 0.03em 0.03em 0.05em rgba(0,0,0,0.4);\">Start today with your project<\/h2>\n\t\t<\/div>\n\t\t\t\t\t<\/div>\n\n\t\n<\/div>\n\t\t<\/div>\n\t\t\t\t\t<\/div>\n\n\t\n\n\t<div id=\"col-316578707\" class=\"col medium-3 small-12 large-3\"  >\n\t\t\t\t<div class=\"col-inner text-center\"  >\n\t\t\t\n\t\t\t\n<a href=\"https:\/\/khangngoc.com\/en\/contact\" target=\"_self\" class=\"button primary contact-sp\">\n    <span>START TODAY<\/span>\n  <\/a>\n\n\t\t<\/div>\n\t\t\t\t\n<style>\n#col-316578707 > .col-inner {\n  padding: 40px 0px 0px 0px;\n}\n<\/style>\n\t<\/div>\n\n\t\n<\/div>\n\t\t<\/div>\n\n\t\t\n<style>\n#section_1993936530 {\n  padding-top: 50px;\n  padding-bottom: 50px;\n}\n#section_1993936530 .section-bg-overlay {\n  background-color: rgba(211, 140, 63, 0.97);\n}\n#section_1993936530 .section-bg.bg-loaded {\n  background-image: url(https:\/\/khangngoc.com\/wp-content\/uploads\/2020\/09\/1920x1080.jpg);\n}\n#section_1993936530 .section-bg {\n  background-position: 50% 50%;\n}\n#section_1993936530 .ux-shape-divider--top svg {\n  height: 150px;\n  --divider-top-width: 100%;\n}\n#section_1993936530 .ux-shape-divider--bottom svg {\n  height: 150px;\n  --divider-width: 100%;\n}\n<\/style>\n\t<\/section>\n\t\n","protected":false},"excerpt":{"rendered":"","protected":false},"author":3,"featured_media":2866,"parent":315,"menu_order":0,"comment_status":"closed","ping_status":"closed","template":"","meta":{"footnotes":""},"class_list":["post-1578","page","type-page","status-publish","has-post-thumbnail","hentry"],"_links":{"self":[{"href":"https:\/\/khangngoc.com\/en\/wp-json\/wp\/v2\/pages\/1578","targetHints":{"allow":["GET"]}}],"collection":[{"href":"https:\/\/khangngoc.com\/en\/wp-json\/wp\/v2\/pages"}],"about":[{"href":"https:\/\/khangngoc.com\/en\/wp-json\/wp\/v2\/types\/page"}],"author":[{"embeddable":true,"href":"https:\/\/khangngoc.com\/en\/wp-json\/wp\/v2\/users\/3"}],"replies":[{"embeddable":true,"href":"https:\/\/khangngoc.com\/en\/wp-json\/wp\/v2\/comments?post=1578"}],"version-history":[{"count":0,"href":"https:\/\/khangngoc.com\/en\/wp-json\/wp\/v2\/pages\/1578\/revisions"}],"up":[{"embeddable":true,"href":"https:\/\/khangngoc.com\/en\/wp-json\/wp\/v2\/pages\/315"}],"wp:featuredmedia":[{"embeddable":true,"href":"https:\/\/khangngoc.com\/en\/wp-json\/wp\/v2\/media\/2866"}],"wp:attachment":[{"href":"https:\/\/khangngoc.com\/en\/wp-json\/wp\/v2\/media?parent=1578"}],"curies":[{"name":"wp","href":"https:\/\/api.w.org\/{rel}","templated":true}]}}