{"id":1581,"date":"2020-09-24T09:06:47","date_gmt":"2020-09-24T02:06:47","guid":{"rendered":"https:\/\/khangngoc.com\/systems\/sea-desalination"},"modified":"2021-09-10T07:45:12","modified_gmt":"2021-09-10T00:45:12","slug":"he-thong-loc-ro-nuoc-bien","status":"publish","type":"page","link":"https:\/\/khangngoc.com\/en\/systems\/he-thong-loc-ro-nuoc-bien","title":{"rendered":"Desalination RO System"},"content":{"rendered":"\t<section class=\"section\" id=\"section_890317900\">\n\t\t<div class=\"bg section-bg fill bg-fill bg-loaded \" >\n\n\t\t\t\n\t\t\t<div class=\"section-bg-overlay absolute fill\"><\/div>\n\t\t\t\n\n\t\t<\/div>\n\n\t\t\n\n\t\t<div class=\"section-content relative\">\n\t\t\t\n<div class=\"row row-small\"  id=\"row-1129966068\">\n\n\t<div id=\"col-2037825154\" class=\"col small-12 large-12\"  data-animate=\"fadeInUp\">\n\t\t\t\t<div class=\"col-inner text-center\"  >\n\t\t\t\n\t\t\t\n<h1 style=\"color: #fff; text-align: center; font-size: 70px;\">H\u1ec6 TH\u1ed0NG L\u1eccC RO N\u01af\u1edaC BI\u1ec2N<\/h1>\n<a href=\"https:\/\/khangngoc.com\/en\/contact\" target=\"_self\" class=\"button primary contact-sp\">\n    <span>LI\u00caN H\u1ec6<\/span>\n  <\/a>\n\n\t\t<\/div>\n\t\t\t\t\t<\/div>\n\n\t\n<\/div>\n\t\t<\/div>\n\n\t\t\n<style>\n#section_890317900 {\n  padding-top: 30px;\n  padding-bottom: 30px;\n}\n#section_890317900 .section-bg-overlay {\n  background-color: rgba(6, 31, 92, 0.28);\n}\n#section_890317900 .section-bg.bg-loaded {\n  background-image: url(https:\/\/khangngoc.com\/wp-content\/uploads\/2020\/10\/banner-dep-1.png);\n}\n#section_890317900 .section-bg {\n  background-position: 50% 50%;\n}\n#section_890317900 .ux-shape-divider--top svg {\n  height: 150px;\n  --divider-top-width: 100%;\n}\n#section_890317900 .ux-shape-divider--bottom svg {\n  height: 150px;\n  --divider-width: 100%;\n}\n<\/style>\n\t<\/section>\n\t\n<div class=\"row row-small\"  id=\"row-1425186301\">\n\n\t<div id=\"col-1371793110\" class=\"col small-12 large-12\"  data-animate=\"fadeInLeft\">\n\t\t\t\t<div class=\"col-inner\"  >\n\t\t\t\n\t\t\t\n<h2 style=\"font-size: 40px; color: #061f5c;\">H\u1ec7 th\u1ed1ng l\u1ecdc <a href=\"https:\/\/khangngoc.com\/san-pham\/mang-ro\">RO<\/a> n\u01b0\u1edbc bi\u1ec3n<\/h2>\n\t\t<\/div>\n\t\t\t\t\t<\/div>\n\n\t\n\n\t<div id=\"col-894757129\" class=\"col small-12 large-12\"  data-animate=\"fadeInRight\">\n\t\t\t\t<div class=\"col-inner\"  >\n\t\t\t\n\t\t\t\n<div class=\"is-divider divider clearfix\" style=\"max-width:80px;height:7px;background-color:rgb(211, 140, 63);\"><\/div>\n\t\t<\/div>\n\t\t\t\t\t<\/div>\n\n\t\n\n\t<div id=\"col-1742233848\" class=\"col medium-8 small-12 large-8\"  >\n\t\t\t\t<div class=\"col-inner\"  >\n\t\t\t\n\t\t\t\n<div>N\u01b0\u1edbc bi\u1ec3n c\u0169ng c\u00f3 nhi\u1ec1u kho\u00e1ng ch\u1ea5t \u0111\u01b0\u1ee3c th\u1ecb tr\u01b0\u1eddng quan t\u00e2m. V\u1edbi nhu c\u1ea7u mu\u1ed1i l\u1edbn c\u1ee7a nhi\u1ec1u v\u00f9ng \u0111\u1ecba l\u00fd s\u1ea3n xu\u1ea5t mu\u1ed1i.<\/p>\n<\/div>\n<div>\u00a0<\/div>\n<div>C\u00e1c c\u00f4ng ngh\u1ec7 kh\u1eed m\u1eb7n n\u01b0\u1edbc bi\u1ec3n \u0111\u00e3 \u0111\u01b0\u1ee3c \u00e1p d\u1ee5ng r\u1ed9ng r\u00e3i v\u00e0 th\u01b0\u01a1ng m\u1ea1i nh\u1ea5t c\u00f3 th\u1ec3 \u0111\u01b0\u1ee3c chia th\u00e0nh hai lo\u1ea1i: quy tr\u00ecnh m\u00e0ng v\u00e0 quy tr\u00ecnh nhi\u1ec7t.<\/p>\n<\/div>\n<div>\u00a0<\/div>\n<div>Th\u1ea9m th\u1ea5u ng\u01b0\u1ee3c (RO) v\u00e0 Nanofiltration (NF) l\u00e0 nh\u1eefng gi\u1ea3i ph\u00e1p kh\u1eed m\u1eb7n n\u01b0\u1edbc bi\u1ec3n h\u00e0ng \u0111\u1ea7u hi\u1ec7n nay. Nh\u1eefng ti\u1ebfn b\u1ed9 trong thi\u1ebft b\u1ecb ch\u00ednh nh\u01b0: m\u00e0ng l\u1ecdc, m\u00e1y b\u01a1m, thi\u1ebft b\u1ecb thu h\u1ed3i n\u0103ng l\u01b0\u1ee3ng,&#8230; \u0111\u00e3 l\u00e0m cho quy tr\u00ecnh kh\u1eed m\u1eb7n tr\u1edf n\u00ean hi\u1ec7u qu\u1ea3 v\u1ec1 n\u0103ng l\u01b0\u1ee3ng, d\u1eabn \u0111\u1ebfn chi ph\u00ed \u0111\u1ea7u t\u01b0 th\u1ea5p\u00a0 v\u00e0 chi ph\u00ed v\u1eadn h\u00e0nh th\u1ea5p.<\/p>\n<\/div>\n<div>\u00a0<\/div>\n<div>Ng\u00e0y nay, h\u1ec7 th\u1ed1ng l\u1ecdc <a href=\"https:\/\/khangngoc.com\/san-pham\/mang-ro\">RO<\/a> n\u01b0\u1edbc bi\u1ec3n kh\u1eed mu\u1ed1i \u0111\u00e3 tr\u1edf th\u00e0nh m\u1ed9t gi\u1ea3i ph\u00e1p r\u1ea5t h\u1ee3p l\u00fd \u0111\u1ec3 \u0111\u1ed1i ph\u00f3 v\u1edbi t\u00ecnh tr\u1ea1ng thi\u1ebfu n\u01b0\u1edbc ng\u1ecdt \u0111i\u1ec3n h\u00ecnh \u1edf c\u00e1c v\u00f9ng nhi\u1ec7t \u0111\u1edbi c\u0169ng nh\u01b0 xa b\u1edd. \u1ede Vi\u1ec7t Nam l\u00e0 ph\u00f9 h\u1ee3p cho c\u00e1c t\u1ec9nh mi\u1ec1n T\u00e2y \u0111\u1ed1i ph\u00f3 v\u1edbi c\u00e1c \u0111\u1ee3t h\u1ea1n h\u00e1n k\u00e9o d\u00e0i, gi\u00fap c\u00f3 ngu\u1ed3n n\u01b0\u1edbc ng\u1ecdt cho sinh ho\u1ea1t v\u00e0 t\u01b0\u1edbi ti\u00eau<\/div>\n<div>\u00a0<\/div>\n<div>\n<p><span style=\"font-size: 100%;\">Ph\u01b0\u01a1ng ph\u00e1p X\u1eed l\u00fd n\u01b0\u1edbc bi\u1ec3n b\u1eb1ng h\u1ec7 th\u1ed1ng l\u1ecdc RO n\u01b0\u1edbc bi\u1ec3n<\/span><\/p>\n<p><span style=\"font-size: 100%;\">Nguy\u00ean t\u1eafc c\u1ee7a ph\u01b0\u01a1ng ph\u00e1p\u00a0x\u1eed l\u00fd n\u01b0\u1edbc m\u1eb7n\u00a0th\u00e0nh n\u01b0\u1edbc ng\u1ecdt l\u00e0: Gi\u1ea3m h\u00e0m l\u01b0\u1ee3ng mu\u1ed1i NaCl trong n\u01b0\u1edbc t\u1edbi m\u1ee9c cho ph\u00e9p c\u00f3 th\u1ec3 \u0103n u\u1ed1ng, t\u1eafm gi\u1eb7t \u0111\u01b0\u1ee3c. Vi\u1ec7c gi\u1ea3m h\u00e0m l\u01b0\u1ee3ng mu\u1ed1i trong n\u01b0\u1edbc m\u1eb7n g\u1ecdi l\u00e0 kh\u1eed m\u1eb7n n\u01b0\u1edbc. C\u00f3 th\u1ec3 kh\u1eed m\u1eb7n b\u1eb1ng ph\u01b0\u01a1ng ph\u00e1p nhi\u1ec7t, ph\u01b0\u01a1ng ph\u00e1p l\u1ecdc m\u00e0ng, ph\u01b0\u01a1ng ph\u00e1p trao \u0111\u1ed5i ion\u2026 \u0110\u1ec3 bi\u1ebfn n\u01b0\u1edbc bi\u1ec3n th\u00e0nh n\u01b0\u1edbc ng\u1ecdt c\u1ea5p cho sinh ho\u1ea1t, s\u1ea3n xu\u1ea5t, ng\u01b0\u1eddi ta c\u00f3 th\u1ec3 d\u00f9ng ph\u01b0\u01a1ng ph\u00e1p ch\u01b0ng c\u1ea5t (ph\u01b0\u01a1ng ph\u00e1p nhi\u1ec7t), ph\u01b0\u01a1ng ph\u00e1p trao \u0111\u1ed5i ion v\u00e0 ph\u01b0\u01a1ng ph\u00e1p l\u1ecdc\u00a0<a href=\"https:\/\/khangngoc.com\/san-pham\/mang-ro\">m\u00e0ng th\u1ea9m th\u1ea5u ng\u01b0\u1ee3c R.O<\/a><a href=\"https:\/\/adoco.mysapo.net\/mang-loc-ro\" target=\"_blank\" rel=\"noopener\">\u00a0<\/a>ho\u1eb7c m\u00e0ng l\u1ecdc nano NF<\/span><\/p>\n<p><span style=\"font-size: 100%;\"><img decoding=\"async\" src=\"http:\/\/hubt.edu.vn\/NewsMedia\/assets\/image_20170420\/absyzzsz.png\" alt=\"\" \/><\/span><br \/><span style=\"font-size: 100%;\">\u0110\u1ebfn nay to\u00e0n th\u1ebf gi\u1edbi c\u00f3 kho\u1ea3ng 15.000 nh\u00e0 m\u00e1y kh\u1eed m\u1eb7n, bi\u1ebfn n\u01b0\u1edbc bi\u1ec3n th\u00e0nh n\u01b0\u1edbc ng\u1ecdt, trong \u0111\u00f3, 50% l\u00e0 c\u1ee7a v\u00f9ng Trung \u0110\u00f4ng, 24% c\u1ee7a M\u1ef9, 10% c\u1ee7a Nh\u1eadt B\u1ea3n, s\u1ed1 c\u00f2n l\u1ea1i c\u1ee7a c\u00e1c n\u01b0\u1edbc T\u00e2y \u00c2u. Ph\u1ea7n l\u1edbn c\u00e1c nh\u00e0 m\u00e1y tr\u00ean d\u00f9ng c\u00f4ng ngh\u1ec7 m\u00e0ng l\u1ecdc, c\u00f4ng ngh\u1ec7 ch\u01b0ng c\u1ea5t, ch\u1ec9 s\u1ed1 \u00edt nh\u00e0 m\u00e1y d\u00f9ng c\u00f4ng ngh\u1ec7 trao \u0111\u1ed5i ion.<\/span><\/p>\n<\/div>\n<p>C\u00f4ng su\u1ea5t kh\u1eed m\u1eb7n tr\u00ean th\u1ebf gi\u1edbi \u0111\u1ea1t g\u1ea7n 9,6 t\u1ef7 m<sup>3<\/sup>, trong \u0111\u00f3 c\u00e1c n\u01b0\u1edbc thu\u1ed9c \u00a0H\u1ed9i \u0111\u1ed3ng H\u1ee3p t\u00e1c V\u00f9ng v\u1ecbnh (GCC) nh\u01b0 \u1ea2 R\u1eadp, C\u00f4 o\u00e9t, Ti\u1ec3u V\u01b0\u01a1ng qu\u1ed1c \u1ea2 R\u1eadp th\u1ed1ng nh\u1ea5t, Bahrain, Qatar v\u00e0 Oman chi\u1ebfm 47% t\u1ed5ng c\u00f4ng su\u1ea5t.<\/p>\n<p>C\u00e1c qu\u1ed1c gia thu\u1ed9c GCC l\u00e0 m\u1ed9t v\u00ed d\u1ee5 \u0111i\u1ec3n h\u00ecnh v\u1ec1 \u0111\u00f4 th\u1ecb h\u00f3a nhanh v\u00e0 gia t\u0103ng d\u00e2n s\u1ed1 \u0111\u00e3 l\u00e0m t\u0103ng m\u1ea1nh nhu c\u1ea7u n\u01b0\u1edbc sinh h\u1ecdat. T\u1ef7 l\u1ec7 gia t\u0103ng d\u00e2n s\u1ed1 trung b\u00ecnh c\u1ee7a khu v\u1ef1c (h\u01a1n 3,4%) \u0111\u00e3 l\u00e0m cho d\u00e2n s\u1ed1 t\u0103ng t\u1eeb 14 tri\u1ec7u n\u0103m 1970 l\u00ean g\u1ea7n 30 tri\u1ec7u d\u00e2n n\u0103m 2000. Nhu c\u1ea7u n\u01b0\u1edbc sinh ho\u1ea1t t\u0103ng t\u1eeb 2,6 t\u1ef7 m<sup>3<\/sup>\u00a0l\u00ean g\u1ea7n 4 t\u1ef7 m<sup>3<\/sup>\u00a0trong giai \u0111o\u1ea1n 1990-2000. Nhu c\u1ea7u n\u00e0y s\u1ebd t\u0103ng l\u00ean t\u1edbi 10,4 t\u1ef7 m<sup>3<\/sup>\u00a0v\u00e0o n\u0103m 2030.<\/p>\n<div>\u00a0<\/div>\n\t\t<\/div>\n\t\t\t\t\t<\/div>\n\n\t\n\n\t<div id=\"col-2146012508\" class=\"col medium-4 small-12 large-4\"  >\n\t\t\t\t<div class=\"col-inner\"  >\n\t\t\t\n\t\t\t\n\t<div class=\"box has-hover   has-hover box-text-bottom\" >\n\n\t\t<div class=\"box-image\" >\n\t\t\t\t\t\t<div class=\"\" >\n\t\t\t\t<img loading=\"lazy\" decoding=\"async\" width=\"1200\" height=\"1200\" src=\"https:\/\/khangngoc.com\/wp-content\/uploads\/2020\/10\/RO-nuoc-bien.png\" class=\"attachment- size-\" alt=\"H\u1ec7 th\u1ed1ng l\u1ecdc RO c\u00f4ng nghi\u1ec7p\" srcset=\"https:\/\/khangngoc.com\/wp-content\/uploads\/2020\/10\/RO-nuoc-bien.png 1200w, https:\/\/khangngoc.com\/wp-content\/uploads\/2020\/10\/RO-nuoc-bien-768x768.png 768w\" sizes=\"auto, (max-width: 1200px) 100vw, 1200px\" \/>\t\t\t\t\t\t\t\t\t\t\t<\/div>\n\t\t\t\t\t<\/div>\n\n\t\t<div class=\"box-text text-center\" >\n\t\t\t<div class=\"box-text-inner\">\n\t\t\t\t\n\t\t\t<\/div>\n\t\t<\/div>\n\t<\/div>\n\t\n\t<div class=\"img has-hover x md-x lg-x y md-y lg-y\" id=\"image_1327912292\">\n\t\t\t\t\t\t\t\t<div class=\"img-inner box-shadow-1 dark\" >\n\t\t\t<img loading=\"lazy\" decoding=\"async\" width=\"1020\" height=\"425\" src=\"https:\/\/khangngoc.com\/wp-content\/uploads\/2020\/10\/nuoc-bien.png\" class=\"attachment-large size-large\" alt=\"H\u1ec7 th\u1ed1ng l\u1ecdc RO c\u00f4ng nghi\u1ec7p 2\" srcset=\"https:\/\/khangngoc.com\/wp-content\/uploads\/2020\/10\/nuoc-bien.png 1200w, https:\/\/khangngoc.com\/wp-content\/uploads\/2020\/10\/nuoc-bien-768x320.png 768w\" sizes=\"auto, (max-width: 1020px) 100vw, 1020px\" \/>\t\t\t\t\t\t\n\t\t\t\t\t<\/div>\n\t\t\t\t\t\t\t\t\n<style>\n#image_1327912292 {\n  width: 100%;\n}\n<\/style>\n\t<\/div>\n\t\n\t<section class=\"section\" id=\"section_1579046584\">\n\t\t<div class=\"bg section-bg fill bg-fill bg-loaded \" >\n\n\t\t\t\n\t\t\t<div class=\"section-bg-overlay absolute fill\"><\/div>\n\t\t\t\n\n\t\t<\/div>\n\n\t\t\n\n\t\t<div class=\"section-content relative\">\n\t\t\t\n<div class=\"row row-small\"  id=\"row-1905233324\">\n\n\t<div id=\"col-1232346893\" class=\"col small-12 large-12\"  >\n\t\t\t\t<div class=\"col-inner\"  >\n\t\t\t\n\t\t\t\n<p style=\"color: #fff; font-size: 16px; margin-bottom: 0;\">Call us<\/p>\n<h3><a style=\"color: #d38c3f; font-size: 32px;\" href=\"tel:02837584648\">028.37584648<\/a><\/h3>\n<h3><a style=\"color: #d38c3f; font-size: 32px;\" href=\"tel:0983152032\">0983.152.032<\/a><\/h3>\n\t\t<\/div>\n\t\t\t\t\t<\/div>\n\n\t\n\n<style>\n#row-1905233324 > .col > .col-inner {\n  padding: 20px 0px 0px 0px;\n}\n<\/style>\n<\/div>\n\t\t<\/div>\n\n\t\t\n<style>\n#section_1579046584 {\n  padding-top: 0px;\n  padding-bottom: 0px;\n}\n#section_1579046584 .section-bg-overlay {\n  background-color: rgba(6, 31, 92, 0.46);\n}\n#section_1579046584 .section-bg.bg-loaded {\n  background-image: url(https:\/\/khangngoc.com\/wp-content\/uploads\/2020\/09\/1920x1080.jpg);\n}\n#section_1579046584 .section-bg {\n  background-position: 50% 50%;\n}\n#section_1579046584 .ux-shape-divider--top svg {\n  height: 150px;\n  --divider-top-width: 100%;\n}\n#section_1579046584 .ux-shape-divider--bottom svg {\n  height: 150px;\n  --divider-width: 100%;\n}\n<\/style>\n\t<\/section>\n\t\n\t\t<\/div>\n\t\t\t\t\t<\/div>\n\n\t\n<\/div>\n\t<section class=\"section\" id=\"section_1072141644\">\n\t\t<div class=\"bg section-bg fill bg-fill bg-loaded \" >\n\n\t\t\t\n\t\t\t<div class=\"section-bg-overlay absolute fill\"><\/div>\n\t\t\t\n\n\t\t<\/div>\n\n\t\t\n\n\t\t<div class=\"section-content relative\">\n\t\t\t\n<div class=\"row row-small\"  id=\"row-1252913076\">\n\n\t<div id=\"col-1226666263\" class=\"col medium-9 small-12 large-9\"  >\n\t\t\t\t<div class=\"col-inner\"  >\n\t\t\t\n\t\t\t\n<div class=\"row row-collapse\"  id=\"row-1107507634\">\n\n\t<div id=\"col-349607126\" class=\"col small-12 large-12\"  data-animate=\"fadeInLeft\">\n\t\t\t\t<div class=\"col-inner\"  >\n\t\t\t\n\t\t\t\n<p style=\"font-size: 18px; color: #ffffff; margin-bottom: 0;\">EXPLORE THE POSSIBILITIES<\/p>\n\t\t<\/div>\n\t\t\t\t\t<\/div>\n\n\t\n\n\t<div id=\"col-1055618804\" class=\"col small-12 large-12\"  data-animate=\"fadeInRight\">\n\t\t\t\t<div class=\"col-inner\"  >\n\t\t\t\n\t\t\t\n<h2 style=\"font-weight: 800; font-size: 46px; color: #ffffff; text-shadow: 0.03em 0.03em 0.05em rgba(0,0,0,0.4);\">Start today with your project<\/h2>\n\t\t<\/div>\n\t\t\t\t\t<\/div>\n\n\t\n<\/div>\n\t\t<\/div>\n\t\t\t\t\t<\/div>\n\n\t\n\n\t<div id=\"col-1404948030\" class=\"col medium-3 small-12 large-3\"  >\n\t\t\t\t<div class=\"col-inner text-center\"  >\n\t\t\t\n\t\t\t\n<a href=\"https:\/\/khangngoc.com\/en\/contact\" target=\"_self\" class=\"button primary contact-sp\">\n    <span>START TODAY<\/span>\n  <\/a>\n\n\t\t<\/div>\n\t\t\t\t\n<style>\n#col-1404948030 > .col-inner {\n  padding: 40px 0px 0px 0px;\n}\n<\/style>\n\t<\/div>\n\n\t\n<\/div>\n\t\t<\/div>\n\n\t\t\n<style>\n#section_1072141644 {\n  padding-top: 50px;\n  padding-bottom: 50px;\n}\n#section_1072141644 .section-bg-overlay {\n  background-color: rgba(211, 140, 63, 0.97);\n}\n#section_1072141644 .section-bg.bg-loaded {\n  background-image: url(https:\/\/khangngoc.com\/wp-content\/uploads\/2020\/09\/1920x1080.jpg);\n}\n#section_1072141644 .section-bg {\n  background-position: 50% 50%;\n}\n#section_1072141644 .ux-shape-divider--top svg {\n  height: 150px;\n  --divider-top-width: 100%;\n}\n#section_1072141644 .ux-shape-divider--bottom svg {\n  height: 150px;\n  --divider-width: 100%;\n}\n<\/style>\n\t<\/section>\n\t\n","protected":false},"excerpt":{"rendered":"","protected":false},"author":3,"featured_media":2878,"parent":315,"menu_order":0,"comment_status":"closed","ping_status":"closed","template":"","meta":{"footnotes":""},"class_list":["post-1581","page","type-page","status-publish","has-post-thumbnail","hentry"],"_links":{"self":[{"href":"https:\/\/khangngoc.com\/en\/wp-json\/wp\/v2\/pages\/1581","targetHints":{"allow":["GET"]}}],"collection":[{"href":"https:\/\/khangngoc.com\/en\/wp-json\/wp\/v2\/pages"}],"about":[{"href":"https:\/\/khangngoc.com\/en\/wp-json\/wp\/v2\/types\/page"}],"author":[{"embeddable":true,"href":"https:\/\/khangngoc.com\/en\/wp-json\/wp\/v2\/users\/3"}],"replies":[{"embeddable":true,"href":"https:\/\/khangngoc.com\/en\/wp-json\/wp\/v2\/comments?post=1581"}],"version-history":[{"count":0,"href":"https:\/\/khangngoc.com\/en\/wp-json\/wp\/v2\/pages\/1581\/revisions"}],"up":[{"embeddable":true,"href":"https:\/\/khangngoc.com\/en\/wp-json\/wp\/v2\/pages\/315"}],"wp:featuredmedia":[{"embeddable":true,"href":"https:\/\/khangngoc.com\/en\/wp-json\/wp\/v2\/media\/2878"}],"wp:attachment":[{"href":"https:\/\/khangngoc.com\/en\/wp-json\/wp\/v2\/media?parent=1581"}],"curies":[{"name":"wp","href":"https:\/\/api.w.org\/{rel}","templated":true}]}}