{"id":1795,"date":"2020-09-23T14:21:39","date_gmt":"2020-09-23T07:21:39","guid":{"rendered":"https:\/\/khangngoc.com\/products\/multistage-centrifugal-pump"},"modified":"2020-10-21T15:09:40","modified_gmt":"2020-10-21T08:09:40","slug":"bsk-aodd-pump","status":"publish","type":"page","link":"https:\/\/khangngoc.com\/en\/products\/bsk-aodd-pump","title":{"rendered":"BSK AODD pump"},"content":{"rendered":"\t<section class=\"section\" id=\"section_479429761\">\n\t\t<div class=\"bg section-bg fill bg-fill bg-loaded \" >\n\n\t\t\t\n\t\t\t<div class=\"section-bg-overlay absolute fill\"><\/div>\n\t\t\t\n\n\t\t<\/div>\n\n\t\t\n\n\t\t<div class=\"section-content relative\">\n\t\t\t\n<div class=\"row row-small\"  id=\"row-1756063643\">\n\n\t<div id=\"col-1962153605\" class=\"col small-12 large-12\"  data-animate=\"fadeInUp\">\n\t\t\t\t<div class=\"col-inner text-center\"  >\n\t\t\t\n\t\t\t\n<h3 class=\"LC20lb DKV0Md\">\u00a0<\/h3>\n<h1 style=\"color: #fff; text-align: center; font-size: 70px;\">BSK OADD PUMP<\/h1>\n<a href=\"\/en\/contact\" target=\"_self\" class=\"button primary contact-sp\"  >\n    <span>CONTACT<\/span>\n  <\/a>\n\n\t\t<\/div>\n\t\t\t\t\t<\/div>\n\n\t\n<\/div>\n\t\t<\/div>\n\n\t\t\n<style>\n#section_479429761 {\n  padding-top: 60px;\n  padding-bottom: 60px;\n}\n#section_479429761 .section-bg-overlay {\n  background-color: rgba(6, 31, 92, 0.92);\n}\n#section_479429761 .section-bg.bg-loaded {\n  background-image: url(https:\/\/khangngoc.com\/wp-content\/uploads\/2020\/09\/1920x1080.jpg);\n}\n#section_479429761 .section-bg {\n  background-position: 50% 50%;\n}\n#section_479429761 .ux-shape-divider--top svg {\n  height: 150px;\n  --divider-top-width: 100%;\n}\n#section_479429761 .ux-shape-divider--bottom svg {\n  height: 150px;\n  --divider-width: 100%;\n}\n<\/style>\n\t<\/section>\n\t\n<div class=\"row row-small\"  id=\"row-504707741\">\n\n\t<div id=\"col-615745634\" class=\"col medium-6 small-12 large-6\"  >\n\t\t\t\t<div class=\"col-inner\"  >\n\t\t\t\n\t\t\t\n<div class=\"row row-collapse\"  id=\"row-880488860\">\n\n\t<div id=\"col-248771403\" class=\"col small-12 large-12\"  data-animate=\"fadeInLeft\">\n\t\t\t\t<div class=\"col-inner\"  >\n\t\t\t\n\t\t\t\n<h2 style=\"color: #061f5c; font-size: 40px;\">BSK AODD &#8211; AIR-OPERATED DOUBLE-DIAPHRAGM PUMP<\/h2>\n\t\t<\/div>\n\t\t\t\t\t<\/div>\n\n\t\n\n\t<div id=\"col-2132043172\" class=\"col small-12 large-12\"  data-animate=\"fadeInRight\">\n\t\t\t\t<div class=\"col-inner\"  >\n\t\t\t\n\t\t\t\n<div class=\"is-divider divider clearfix\" style=\"max-width:70px;height:7px;background-color:rgb(211, 140, 63);\"><\/div>\n\t\t<\/div>\n\t\t\t\t\t<\/div>\n\n\t\n<\/div>\n<h2 style=\"color: #061f5c; font-size: 26px;\">BSK AODD pump<\/h2>\n<h3>BSK, a maker of legendary quality but not legendary stories!<\/h3>\n<p>As a company absorbed in fluid transportation, BSK invented the world&#8217;s first dual ceramic air valve system! It is highly valued by customers for its unique patented technology and nanny service, high quality, wide applicable area and excellent stability.<\/p>\n<p>In 2011 BSK set up its factory in Guangzhou China after introducing the mature and advanced technology and service concept into China. For the time being it has possessed more than 100 professional agents or service teams spreading in more than 30 cities in China.<\/p>\n<p>The provision of nanny service by BSK is aimed at satisfying customers\u2019 diversified and individual needs to the hit and enhancing the service value for them by reducing their cost of use and maintenance and improving their efficiency.<\/p>\n<a href=\"\/lien%20he\" target=\"_self\" class=\"button primary lowercase nut-sp\"  >\n    <span>Contact<\/span>\n  <\/a>\n\n\t\t<\/div>\n\t\t\t\t\t<\/div>\n\n\t\n\n\t<div id=\"col-1398946\" class=\"col sanpham medium-6 small-12 large-6\"  >\n\t\t\t\t<div class=\"col-inner\"  >\n\t\t\t\n\t\t\t\n\t<div class=\"box has-hover   has-hover box-text-bottom\" >\n\n\t\t<div class=\"box-image\" >\n\t\t\t\t\t\t<div class=\"\" >\n\t\t\t\t<img loading=\"lazy\" decoding=\"async\" width=\"1200\" height=\"1015\" src=\"https:\/\/khangngoc.com\/wp-content\/uploads\/2020\/09\/Bom-mang-BSK.jpg\" class=\"attachment- size-\" alt=\"b\u01a1m m\u00e0ng BSK Khang Ng\u1ecdc\" srcset=\"https:\/\/khangngoc.com\/wp-content\/uploads\/2020\/09\/Bom-mang-BSK.jpg 1200w, https:\/\/khangngoc.com\/wp-content\/uploads\/2020\/09\/Bom-mang-BSK-768x650.jpg 768w\" sizes=\"auto, (max-width: 1200px) 100vw, 1200px\" \/>\t\t\t\t\t\t\t\t\t\t\t<\/div>\n\t\t\t\t\t<\/div>\n\n\t\t<div class=\"box-text text-center\" >\n\t\t\t<div class=\"box-text-inner\">\n\t\t\t\t\n\t<div class=\"img has-hover x md-x lg-x y md-y lg-y\" id=\"image_992629600\">\n\t\t\t\t\t\t\t\t<div class=\"img-inner dark\" >\n\t\t\t<img loading=\"lazy\" decoding=\"async\" width=\"1020\" height=\"863\" src=\"https:\/\/khangngoc.com\/wp-content\/uploads\/2020\/09\/BSK1.jpg\" class=\"attachment-large size-large\" alt=\"B\u01a1m m\u00e0ng kh\u00ed n\u00e9n kho Khang Ng\u1ecdc\" srcset=\"https:\/\/khangngoc.com\/wp-content\/uploads\/2020\/09\/BSK1.jpg 1200w, https:\/\/khangngoc.com\/wp-content\/uploads\/2020\/09\/BSK1-768x650.jpg 768w\" sizes=\"auto, (max-width: 1020px) 100vw, 1020px\" \/>\t\t\t\t\t\t\n\t\t\t\t\t<\/div>\n\t\t\t\t\t\t\t\t\n<style>\n#image_992629600 {\n  width: 100%;\n}\n<\/style>\n\t<\/div>\n\t\n\t<div class=\"img has-hover x md-x lg-x y md-y lg-y\" id=\"image_176370696\">\n\t\t\t\t\t\t\t\t<div class=\"img-inner dark\" >\n\t\t\t<img loading=\"lazy\" decoding=\"async\" width=\"1020\" height=\"863\" src=\"https:\/\/khangngoc.com\/wp-content\/uploads\/2020\/09\/BSK2.jpg\" class=\"attachment-large size-large\" alt=\"B\u01a1m m\u00e0ng kh\u00ed n\u00e9n kho Khang Ngoc 2\" srcset=\"https:\/\/khangngoc.com\/wp-content\/uploads\/2020\/09\/BSK2.jpg 1200w, https:\/\/khangngoc.com\/wp-content\/uploads\/2020\/09\/BSK2-768x650.jpg 768w\" sizes=\"auto, (max-width: 1020px) 100vw, 1020px\" \/>\t\t\t\t\t\t\n\t\t\t\t\t<\/div>\n\t\t\t\t\t\t\t\t\n<style>\n#image_176370696 {\n  width: 100%;\n}\n<\/style>\n\t<\/div>\n\t\n\t\t\t<\/div>\n\t\t<\/div>\n\t<\/div>\n\t\n\t<div class=\"img has-hover x md-x lg-x y md-y lg-y\" id=\"image_523246831\">\n\t\t\t\t\t\t\t\t<div class=\"img-inner dark\" >\n\t\t\t<img loading=\"lazy\" decoding=\"async\" width=\"1020\" height=\"863\" src=\"https:\/\/khangngoc.com\/wp-content\/uploads\/2020\/09\/BSK3.jpg\" class=\"attachment-large size-large\" alt=\"B\u01a1m m\u00e0ng kh\u00ed n\u00e9n inox 316\" srcset=\"https:\/\/khangngoc.com\/wp-content\/uploads\/2020\/09\/BSK3.jpg 1200w, https:\/\/khangngoc.com\/wp-content\/uploads\/2020\/09\/BSK3-768x650.jpg 768w\" sizes=\"auto, (max-width: 1020px) 100vw, 1020px\" \/>\t\t\t\t\t\t\n\t\t\t\t\t<\/div>\n\t\t\t\t\t\t\t\t\n<style>\n#image_523246831 {\n  width: 100%;\n}\n<\/style>\n\t<\/div>\n\t\n\t\t<\/div>\n\t\t\t\t\t<\/div>\n\n\t\n<\/div>\n\t<section class=\"section\" id=\"section_1660455952\">\n\t\t<div class=\"bg section-bg fill bg-fill bg-loaded bg-loaded\" >\n\n\t\t\t\n\t\t\t\n\t\t\t\n\n\t\t<\/div>\n\n\t\t\n\n\t\t<div class=\"section-content relative\">\n\t\t\t\n<div class=\"row row-small\"  id=\"row-1607173418\">\n\n\t<div id=\"col-1815013173\" class=\"col small-12 large-12\"  >\n\t\t\t\t<div class=\"col-inner\"  >\n\t\t\t\n\t\t\t\n<h2 style=\"color: #061f5c;\">Download-Catalogues<\/h2>\n<div class=\"row row-collapse\"  id=\"row-1881731912\">\n\n\t<div id=\"col-1489637301\" class=\"col small-12 large-12\"  data-animate=\"fadeInRight\">\n\t\t\t\t<div class=\"col-inner\"  >\n\t\t\t\n\t\t\t\n<div class=\"is-divider divider clearfix\" style=\"max-width:120px;height:7px;background-color:rgb(211, 140, 63);\"><\/div>\n\t\t<\/div>\n\t\t\t\t\t<\/div>\n\n\t\n<\/div>\n<table style=\"table-layout: auto; width: 537px; min-width: 0px; margin-top: 20px; margin-bottom: 20px; visibility: visible; height: 156px;\">\n<thead>\n<tr>\n<th style=\"padding: 10px 15px; line-height: 23px; font-size: 16px; font-weight: 400; font-style: normal; color: #ffffff; background-color: #152c67; border-color: #152c67;\">Brand<\/th>\n<th style=\"padding: 10px 15px; line-height: 23px; font-size: 16px; font-weight: 400; font-style: normal; color: #ffffff; background-color: #152c67; border-color: #152c67;\">Model<\/th>\n<th style=\"padding: 10px 15px; line-height: 23px; font-size: 16px; font-weight: 400; font-style: normal; color: #ffffff; background-color: #152c67; border-color: #152c67;\">Desciption<\/th>\n<th style=\"padding: 10px 15px; line-height: 23px; font-size: 16px; font-weight: 400; font-style: normal; color: #ffffff; background-color: #152c67; border-color: #152c67;\">Catalogue<\/th>\n<\/tr>\n<\/thead>\n<tbody style=\"background-color: #fff;\">\n<tr>\n<td style=\"font-size: 16px; padding: 4px 15px; line-height: 25px; font-weight: 400; font-style: normal; border-color: #e1e1e1; text-align: left;\">BSK<\/td>\n<td style=\"font-size: 16px; padding: 4px 15px; line-height: 25px; font-weight: 400; font-style: normal; border-color: #e1e1e1; text-align: left;\">BP\/BA<\/td>\n<td style=\"font-size: 16px; padding: 4px 15px; line-height: 25px; font-weight: 400; font-style: normal; border-color: #e1e1e1; text-align: left;\" colspan=\"1\" rowspan=\"1\" data-cell-properties=\"true\" data-text-color=\"\" data-background-color=\"\" data-font-weight=\"400\" data-font-style=\"normal\" data-link-color=\"\" data-alignment=\"left\">All type of BSK pump<\/td>\n<td style=\"font-size: 16px; padding: 4px 15px; line-height: 25px; font-weight: 400; font-style: normal; border-color: #e1e1e1; text-align: center;\" colspan=\"1\" rowspan=\"1\" data-cell-properties=\"true\" data-text-color=\"\" data-background-color=\"\" data-font-weight=\"400\" data-font-style=\"normal\" data-link-color=\"\" data-alignment=\"center\">\n<p><a class=\"dalt-image-left-link\" href=\"https:\/\/drive.google.com\/file\/d\/1NPhz2FluxF3CBGru3FWh56FoClD7Etxz\/view?usp=sharing\" target=\"_blank\" rel=\"noopener noreferrer\"><img loading=\"lazy\" decoding=\"async\" class=\"dalt-image-left alignnone\" style=\"height: 29px; margin: 0px 7px 0px 0px;\" src=\"\/wp-content\/uploads\/2020\/09\/DOWNload-button-red-and-white-e1551980219366.png\" alt=\"\" width=\"237\" height=\"128\" \/><\/a><\/p>\n<\/td>\n<\/tr>\n<\/tbody>\n<\/table>\n<p>\u00a0<\/p>\n\t\t<\/div>\n\t\t\t\t\t<\/div>\n\n\t\n<\/div>\n\t\t<\/div>\n\n\t\t\n<style>\n#section_1660455952 {\n  padding-top: 30px;\n  padding-bottom: 30px;\n  background-color: rgb(245, 245, 245);\n}\n#section_1660455952 .ux-shape-divider--top svg {\n  height: 150px;\n  --divider-top-width: 100%;\n}\n#section_1660455952 .ux-shape-divider--bottom svg {\n  height: 150px;\n  --divider-width: 100%;\n}\n<\/style>\n\t<\/section>\n\t\n\t<section class=\"section\" id=\"section_1882088921\">\n\t\t<div class=\"bg section-bg fill bg-fill bg-loaded \" >\n\n\t\t\t\n\t\t\t<div class=\"section-bg-overlay absolute fill\"><\/div>\n\t\t\t\n\n\t\t<\/div>\n\n\t\t\n\n\t\t<div class=\"section-content relative\">\n\t\t\t\n<div class=\"row row-small\"  id=\"row-239479949\">\n\n\t<div id=\"col-773234840\" class=\"col medium-9 small-12 large-9\"  >\n\t\t\t\t<div class=\"col-inner\"  >\n\t\t\t\n\t\t\t\n<div class=\"row row-collapse\"  id=\"row-2050835838\">\n\n\t<div id=\"col-1445793724\" class=\"col small-12 large-12\"  data-animate=\"fadeInLeft\">\n\t\t\t\t<div class=\"col-inner\"  >\n\t\t\t\n\t\t\t\n<p style=\"font-size: 18px; color: #ffffff; margin-bottom: 0;\">EXPLORE THE POSSIBILITIES<\/p>\n\t\t<\/div>\n\t\t\t\t\t<\/div>\n\n\t\n\n\t<div id=\"col-391245741\" class=\"col small-12 large-12\"  data-animate=\"fadeInRight\">\n\t\t\t\t<div class=\"col-inner\"  >\n\t\t\t\n\t\t\t\n<h2 style=\"font-weight: 800; font-size: 46px; color: #ffffff; text-shadow: 0.03em 0.03em 0.05em rgba(0,0,0,0.4);\">Start today with your project<\/h2>\n\t\t<\/div>\n\t\t\t\t\t<\/div>\n\n\t\n<\/div>\n\t\t<\/div>\n\t\t\t\t\t<\/div>\n\n\t\n\n\t<div id=\"col-693623589\" class=\"col medium-3 small-12 large-3\"  >\n\t\t\t\t<div class=\"col-inner text-center\"  >\n\t\t\t\n\t\t\t\n<a href=\"\/lien-he\" target=\"_self\" class=\"button primary contact-sp\"  >\n    <span>START TODAY<\/span>\n  <\/a>\n\n\t\t<\/div>\n\t\t\t\t\n<style>\n#col-693623589 > .col-inner {\n  padding: 40px 0px 0px 0px;\n}\n<\/style>\n\t<\/div>\n\n\t\n<\/div>\n\t\t<\/div>\n\n\t\t\n<style>\n#section_1882088921 {\n  padding-top: 50px;\n  padding-bottom: 50px;\n}\n#section_1882088921 .section-bg-overlay {\n  background-color: rgba(211, 140, 63, 0.97);\n}\n#section_1882088921 .section-bg.bg-loaded {\n  background-image: url(https:\/\/khangngoc.com\/wp-content\/uploads\/2020\/09\/1920x1080.jpg);\n}\n#section_1882088921 .section-bg {\n  background-position: 50% 50%;\n}\n#section_1882088921 .ux-shape-divider--top svg {\n  height: 150px;\n  --divider-top-width: 100%;\n}\n#section_1882088921 .ux-shape-divider--bottom svg {\n  height: 150px;\n  --divider-width: 100%;\n}\n<\/style>\n\t<\/section>\n\t\n","protected":false},"excerpt":{"rendered":"","protected":false},"author":3,"featured_media":2325,"parent":1543,"menu_order":0,"comment_status":"closed","ping_status":"closed","template":"","meta":{"footnotes":""},"class_list":["post-1795","page","type-page","status-publish","has-post-thumbnail","hentry"],"_links":{"self":[{"href":"https:\/\/khangngoc.com\/en\/wp-json\/wp\/v2\/pages\/1795","targetHints":{"allow":["GET"]}}],"collection":[{"href":"https:\/\/khangngoc.com\/en\/wp-json\/wp\/v2\/pages"}],"about":[{"href":"https:\/\/khangngoc.com\/en\/wp-json\/wp\/v2\/types\/page"}],"author":[{"embeddable":true,"href":"https:\/\/khangngoc.com\/en\/wp-json\/wp\/v2\/users\/3"}],"replies":[{"embeddable":true,"href":"https:\/\/khangngoc.com\/en\/wp-json\/wp\/v2\/comments?post=1795"}],"version-history":[{"count":0,"href":"https:\/\/khangngoc.com\/en\/wp-json\/wp\/v2\/pages\/1795\/revisions"}],"up":[{"embeddable":true,"href":"https:\/\/khangngoc.com\/en\/wp-json\/wp\/v2\/pages\/1543"}],"wp:featuredmedia":[{"embeddable":true,"href":"https:\/\/khangngoc.com\/en\/wp-json\/wp\/v2\/media\/2325"}],"wp:attachment":[{"href":"https:\/\/khangngoc.com\/en\/wp-json\/wp\/v2\/media?parent=1795"}],"curies":[{"name":"wp","href":"https:\/\/api.w.org\/{rel}","templated":true}]}}