{"id":3695,"date":"2021-10-14T13:54:47","date_gmt":"2021-10-14T06:54:47","guid":{"rendered":"https:\/\/khangngoc.com\/products\/sunshine-filter-press"},"modified":"2021-10-14T14:06:02","modified_gmt":"2021-10-14T07:06:02","slug":"sunshine-filter-press","status":"publish","type":"page","link":"https:\/\/khangngoc.com\/en\/products\/sunshine-filter-press","title":{"rendered":"Sunshine Filter press"},"content":{"rendered":"\t<section class=\"section\" id=\"section_266280117\">\n\t\t<div class=\"bg section-bg fill bg-fill bg-loaded \" >\n\n\t\t\t\n\t\t\t<div class=\"section-bg-overlay absolute fill\"><\/div>\n\t\t\t\n\n\t\t<\/div>\n\n\t\t\n\n\t\t<div class=\"section-content relative\">\n\t\t\t\n<div class=\"row row-small\"  id=\"row-304768581\">\n\n\t<div id=\"col-1605637155\" class=\"col small-12 large-12\"  >\n\t\t\t\t<div class=\"col-inner text-center\"  >\n\t\t\t\n\t\t\t\n<h1 style=\"color: #fff; text-align: center; font-size: 70px;\">SUNSHINE FILTER PRESS<\/h1>\n<a class=\"button primary contact-sp\"  >\n    <span>CONTACT<\/span>\n  <\/a>\n\n\t\t<\/div>\n\t\t\t\t\t<\/div>\n\n\t\n<\/div>\n\t\t<\/div>\n\n\t\t\n<style>\n#section_266280117 {\n  padding-top: 60px;\n  padding-bottom: 60px;\n}\n#section_266280117 .section-bg-overlay {\n  background-color: rgba(6, 31, 92, 0.92);\n}\n#section_266280117 .section-bg.bg-loaded {\n  background-image: url(https:\/\/khangngoc.com\/wp-content\/uploads\/2020\/09\/1920x1080.jpg);\n}\n#section_266280117 .section-bg {\n  background-position: 50% 50%;\n}\n#section_266280117 .ux-shape-divider--top svg {\n  height: 150px;\n  --divider-top-width: 100%;\n}\n#section_266280117 .ux-shape-divider--bottom svg {\n  height: 150px;\n  --divider-width: 100%;\n}\n<\/style>\n\t<\/section>\n\t\n<div class=\"row row-small\"  id=\"row-809108830\">\n\n\t<div id=\"col-1012929393\" class=\"col medium-6 small-12 large-6\"  >\n\t\t\t\t<div class=\"col-inner\"  >\n\t\t\t\n\t\t\t\n<div class=\"row row-collapse\"  id=\"row-1285131682\">\n\n\t<div id=\"col-671309973\" class=\"col small-12 large-12\"  data-animate=\"fadeInLeft\">\n\t\t\t\t<div class=\"col-inner\"  >\n\t\t\t\n\t\t\t\n<p>FILTER PRESS<\/p>\n\t\t<\/div>\n\t\t\t\t\t<\/div>\n\n\t\n\n\t<div id=\"col-583418036\" class=\"col small-12 large-12\"  data-animate=\"fadeInRight\">\n\t\t\t\t<div class=\"col-inner\"  >\n\t\t\t\n\t\t\t\n<div class=\"is-divider divider clearfix\" style=\"max-width:70px;height:7px;background-color:rgb(211, 140, 63);\"><\/div>\n\t\t<\/div>\n\t\t\t\t\t<\/div>\n\n\t\n<\/div>\n<h1>Sunshine Filter Press<\/h1>\n<div>Hangzhou Sunshine Filter Press Co., Ltd is one of the leading manufacturers and exporters of a full range of filter press including: filter press, belt press, filter plate (Membrane plate, recessed plate and CGR plate), feeding pump and filter cloth; By first obtaining ISO9001 and CE certificate:<\/p>\n<\/div>\n<ol>\n<li>Filter Press<\/li>\n<li>Belt Press<\/li>\n<li>Membrane Plate (PP &amp; Rubber)<\/li>\n<li>CGR Plate<\/li>\n<li>Screw Pump<\/li>\n<\/ol>\n<div>\n<p>We \u00a0produce the filter plate size range from 250*250mm to 2000*2500mm, the screw pump model from G25-1 to G70-1, the filter press area from 0.16-1600M2, and the belt filter press from DY1000-Q to DY4000-Q.<\/p>\n<p>Our filter press should equip the following auto. Function according to the clients&#8217; requirement:<\/p>\n<p>Auto. Hydraulic system (auto. Opening and closing), Auto. Maintaining pressure, Auto. Plate separate system, Auto. Drip trays; Auto. Cloth washer; Auto. Alarm system; Membrane squeezing system(rubber or PP membrane plate); Safety light guards; Cloth vibrator; Cloth inclining device; PLC control system;<\/p>\n<p>We also would like to produce any different kinds of non-standard filter press for our users;<\/p>\n<p>On the other hand, our company set up Filter Press Research Institute, Engineering Company Department and After-sale Service Department to provide long term and high quality service for our customers<\/p>\n<p>Our products are warmly welcomed by customers all around the world,\u00a0because they are both excellent in quality and reasonable in prices. Part of product details can be obtained from our on-line catalogue At <a href=\"http:\/\/www.sunshinefilterpress.com\" target=\"_blank\" rel=\"noopener\">www.sunshinefilterpress.com<\/a>\u00a0\u00a0<\/p>\n<\/div>\n\t\t<\/div>\n\t\t\t\t\t<\/div>\n\n\t\n\n\t<div id=\"col-625728361\" class=\"col sanpham medium-6 small-12 large-6\"  >\n\t\t\t\t<div class=\"col-inner\"  >\n\t\t\t\n\t\t\t\n\t<div class=\"box has-hover   has-hover box-text-bottom\" >\n\n\t\t<div class=\"box-image\" >\n\t\t\t\t\t\t<div class=\"\" >\n\t\t\t\t<img loading=\"lazy\" decoding=\"async\" width=\"1200\" height=\"1015\" src=\"https:\/\/khangngoc.com\/wp-content\/uploads\/2021\/08\/Sunshine-1.png\" class=\"attachment- size-\" alt=\"M\u00e1y \u00e9p b\u00f9n Sunshine Khang Ng\u1ecdc\" srcset=\"https:\/\/khangngoc.com\/wp-content\/uploads\/2021\/08\/Sunshine-1.png 1200w, https:\/\/khangngoc.com\/wp-content\/uploads\/2021\/08\/Sunshine-1-768x650.png 768w\" sizes=\"auto, (max-width: 1200px) 100vw, 1200px\" \/>\t\t\t\t\t\t\t\t\t\t\t<\/div>\n\t\t\t\t\t<\/div>\n\n\t\t<div class=\"box-text text-center\" >\n\t\t\t<div class=\"box-text-inner\">\n\t\t\t\t\n\t\t\t<\/div>\n\t\t<\/div>\n\t<\/div>\n\t\n<div class=\"video video-fit mb\" style=\"padding-top:56.25%;\"><p><iframe loading=\"lazy\" title=\"Video ho\u1ea1t \u0111\u1ed9ng m\u00e1y \u00e9p b\u00f9n Sunshine\" width=\"1020\" height=\"574\" src=\"https:\/\/www.youtube.com\/embed\/nOaNSphJ_YE?feature=oembed\" frameborder=\"0\" allow=\"accelerometer; autoplay; clipboard-write; encrypted-media; gyroscope; picture-in-picture\" allowfullscreen><\/iframe><\/p>\n<\/div>\n\t\t<\/div>\n\t\t\t\t\t<\/div>\n\n\t\n<\/div>\n\t<section class=\"section\" id=\"section_774715724\">\n\t\t<div class=\"bg section-bg fill bg-fill bg-loaded bg-loaded\" >\n\n\t\t\t\n\t\t\t\n\t\t\t\n\n\t\t<\/div>\n\n\t\t\n\n\t\t<div class=\"section-content relative\">\n\t\t\t\n<div class=\"row row-small\"  id=\"row-712742052\">\n\n\t<div id=\"col-1596332764\" class=\"col small-12 large-12\"  >\n\t\t\t\t<div class=\"col-inner\"  >\n\t\t\t\n\t\t\t\n<h2 style=\"color: #061f5c;\">Download Specification<\/h2>\n<div class=\"row row-collapse\"  id=\"row-1262676333\">\n\n\t<div id=\"col-832501001\" class=\"col small-12 large-12\"  data-animate=\"fadeInRight\">\n\t\t\t\t<div class=\"col-inner\"  >\n\t\t\t\n\t\t\t\n<div class=\"is-divider divider clearfix\" style=\"max-width:120px;height:7px;background-color:rgb(211, 140, 63);\"><\/div>\n\t\t<\/div>\n\t\t\t\t\t<\/div>\n\n\t\n<\/div>\n<table style=\"table-layout: auto; width: 100%; min-width: 0px; margin-top: 20px; margin-bottom: 20px; visibility: visible;\">\n<thead>\n<tr>\n<th style=\"padding: 10px 15px; line-height: 23px; font-size: 16px; font-weight: 400; font-style: normal; color: #ffffff; background-color: #152c67; border-color: #152c67;\">Brand<\/th>\n<th style=\"padding: 10px 15px; line-height: 23px; font-size: 16px; font-weight: 400; font-style: normal; color: #ffffff; background-color: #152c67; border-color: #152c67;\">Model<\/th>\n<th style=\"padding: 10px 15px; line-height: 23px; font-size: 16px; font-weight: 400; font-style: normal; color: #ffffff; background-color: #152c67; border-color: #152c67;\">Description<\/th>\n<th style=\"padding: 10px 15px; line-height: 23px; font-size: 16px; font-weight: 400; font-style: normal; color: #ffffff; background-color: #152c67; border-color: #152c67;\">Catalogue<\/th>\n<\/tr>\n<\/thead>\n<tbody style=\"background-color: #fff;\">\n<tr>\n<td style=\"font-size: 16px; padding: 4px 15px; line-height: 25px; font-weight: 400; font-style: normal; border-color: #e1e1e1; text-align: left;\">Sunshine Filter<\/td>\n<td style=\"font-size: 16px; padding: 4px 15px; line-height: 25px; font-weight: 400; font-style: normal; border-color: #e1e1e1; text-align: left;\">\u00a0<\/td>\n<td style=\"font-size: 16px; padding: 4px 15px; line-height: 25px; font-weight: 400; font-style: normal; border-color: #e1e1e1; text-align: left;\">Filter press manufacturer<\/td>\n<td style=\"font-size: 16px; padding: 4px 15px; line-height: 25px; font-weight: 400; font-style: normal; border-color: #e1e1e1; text-align: center;\" colspan=\"1\" rowspan=\"1\" data-cell-properties=\"true\" data-text-color=\"\" data-background-color=\"\" data-font-weight=\"400\" data-font-style=\"normal\" data-link-color=\"\" data-alignment=\"center\"><a class=\"dalt-image-left-link\" href=\"https:\/\/drive.google.com\/file\/d\/1NspaaJlz3HzJWezNGA6ruid5z1Z2Giwb\/view?usp=sharing\" target=\"_blank\" rel=\"noopener noreferrer\"><img loading=\"lazy\" decoding=\"async\" class=\"dalt-image-left alignnone\" style=\"height: 26px; margin: 0px 7px 0px 0px;\" src=\"\/wp-content\/uploads\/2020\/09\/DOWNload-button-red-and-white-e1551980219366.png\" alt=\"\" width=\"103\" height=\"128\" \/><\/a><\/td>\n<\/tr>\n<tr>\n<td style=\"font-size: 16px; padding: 4px 15px; line-height: 25px; font-weight: 400; font-style: normal; border-color: #e1e1e1; text-align: left;\">\u00a0<\/td>\n<td style=\"font-size: 16px; padding: 4px 15px; line-height: 25px; font-weight: 400; font-style: normal; border-color: #e1e1e1; text-align: left;\">\u00a0<\/td>\n<td style=\"font-size: 16px; padding: 4px 15px; line-height: 25px; font-weight: 400; font-style: normal; border-color: #e1e1e1; text-align: left;\">\u00a0<\/td>\n<td style=\"font-size: 16px; padding: 4px 15px; line-height: 25px; font-weight: 400; font-style: normal; border-color: #e1e1e1; text-align: center;\" colspan=\"1\" rowspan=\"1\" data-cell-properties=\"true\" data-text-color=\"\" data-background-color=\"\" data-font-weight=\"400\" data-font-style=\"normal\" data-link-color=\"\" data-alignment=\"center\">\u00a0<\/td>\n<\/tr>\n<tr>\n<td style=\"font-size: 16px; padding: 4px 15px; line-height: 25px; font-weight: 400; font-style: normal; border-color: #e1e1e1; text-align: left;\">\u00a0<\/td>\n<td style=\"font-size: 16px; padding: 4px 15px; line-height: 25px; font-weight: 400; font-style: normal; border-color: #e1e1e1; text-align: left;\">\u00a0<\/td>\n<td style=\"font-size: 16px; padding: 4px 15px; line-height: 25px; font-weight: 400; font-style: normal; border-color: #e1e1e1; text-align: left;\">\u00a0<\/td>\n<td style=\"font-size: 16px; padding: 4px 15px; line-height: 25px; font-weight: 400; font-style: normal; border-color: #e1e1e1; text-align: center;\" colspan=\"1\" rowspan=\"1\" data-cell-properties=\"true\" data-text-color=\"\" data-background-color=\"\" data-font-weight=\"400\" data-font-style=\"normal\" data-link-color=\"\" data-alignment=\"center\">\u00a0<\/td>\n<\/tr>\n<\/tbody>\n<\/table>\n\t\t<\/div>\n\t\t\t\t\t<\/div>\n\n\t\n<\/div>\n\t\t<\/div>\n\n\t\t\n<style>\n#section_774715724 {\n  padding-top: 30px;\n  padding-bottom: 30px;\n  background-color: rgb(245, 245, 245);\n}\n#section_774715724 .ux-shape-divider--top svg {\n  height: 150px;\n  --divider-top-width: 100%;\n}\n#section_774715724 .ux-shape-divider--bottom svg {\n  height: 150px;\n  --divider-width: 100%;\n}\n<\/style>\n\t<\/section>\n\t\n\t<section class=\"section\" id=\"section_1032700769\">\n\t\t<div class=\"bg section-bg fill bg-fill bg-loaded \" >\n\n\t\t\t\n\t\t\t<div class=\"section-bg-overlay absolute fill\"><\/div>\n\t\t\t\n\n\t\t<\/div>\n\n\t\t\n\n\t\t<div class=\"section-content relative\">\n\t\t\t\n<div class=\"row row-small\"  id=\"row-787900444\">\n\n\t<div id=\"col-1538304727\" class=\"col medium-9 small-12 large-9\"  >\n\t\t\t\t<div class=\"col-inner\"  >\n\t\t\t\n\t\t\t\n<div class=\"row row-collapse\"  id=\"row-459491369\">\n\n\t<div id=\"col-639091690\" class=\"col small-12 large-12\"  data-animate=\"fadeInLeft\">\n\t\t\t\t<div class=\"col-inner\"  >\n\t\t\t\n\t\t\t\n<p style=\"font-size: 18px; color: #ffffff; margin-bottom: 0;\">EXPLORE THE POSSIBILITIES<\/p>\n\t\t<\/div>\n\t\t\t\t\t<\/div>\n\n\t\n\n\t<div id=\"col-612291605\" class=\"col small-12 large-12\"  data-animate=\"fadeInRight\">\n\t\t\t\t<div class=\"col-inner\"  >\n\t\t\t\n\t\t\t\n<h2 style=\"font-weight: 800; font-size: 46px; color: #ffffff; text-shadow: 0.03em 0.03em 0.05em rgba(0,0,0,0.4);\">Start today with your project<\/h2>\n\t\t<\/div>\n\t\t\t\t\t<\/div>\n\n\t\n<\/div>\n\t\t<\/div>\n\t\t\t\t\t<\/div>\n\n\t\n\n\t<div id=\"col-2100949850\" class=\"col medium-3 small-12 large-3\"  >\n\t\t\t\t<div class=\"col-inner text-center\"  >\n\t\t\t\n\t\t\t\n<a href=\"https:\/\/khangngoc.com\/en\/contact\" target=\"_self\" class=\"button primary contact-sp\">\n    <span>START TODAY<\/span>\n  <\/a>\n\n\t\t<\/div>\n\t\t\t\t\n<style>\n#col-2100949850 > .col-inner {\n  padding: 40px 0px 0px 0px;\n}\n<\/style>\n\t<\/div>\n\n\t\n<\/div>\n\t\t<\/div>\n\n\t\t\n<style>\n#section_1032700769 {\n  padding-top: 50px;\n  padding-bottom: 50px;\n}\n#section_1032700769 .section-bg-overlay {\n  background-color: rgba(211, 140, 63, 0.97);\n}\n#section_1032700769 .section-bg.bg-loaded {\n  background-image: url(https:\/\/khangngoc.com\/wp-content\/uploads\/2020\/09\/1920x1080.jpg);\n}\n#section_1032700769 .section-bg {\n  background-position: 50% 50%;\n}\n#section_1032700769 .ux-shape-divider--top svg {\n  height: 150px;\n  --divider-top-width: 100%;\n}\n#section_1032700769 .ux-shape-divider--bottom svg {\n  height: 150px;\n  --divider-width: 100%;\n}\n<\/style>\n\t<\/section>\n\t\n","protected":false},"excerpt":{"rendered":"","protected":false},"author":3,"featured_media":0,"parent":1543,"menu_order":0,"comment_status":"closed","ping_status":"closed","template":"","meta":{"footnotes":""},"class_list":["post-3695","page","type-page","status-publish","hentry"],"_links":{"self":[{"href":"https:\/\/khangngoc.com\/en\/wp-json\/wp\/v2\/pages\/3695","targetHints":{"allow":["GET"]}}],"collection":[{"href":"https:\/\/khangngoc.com\/en\/wp-json\/wp\/v2\/pages"}],"about":[{"href":"https:\/\/khangngoc.com\/en\/wp-json\/wp\/v2\/types\/page"}],"author":[{"embeddable":true,"href":"https:\/\/khangngoc.com\/en\/wp-json\/wp\/v2\/users\/3"}],"replies":[{"embeddable":true,"href":"https:\/\/khangngoc.com\/en\/wp-json\/wp\/v2\/comments?post=3695"}],"version-history":[{"count":0,"href":"https:\/\/khangngoc.com\/en\/wp-json\/wp\/v2\/pages\/3695\/revisions"}],"up":[{"embeddable":true,"href":"https:\/\/khangngoc.com\/en\/wp-json\/wp\/v2\/pages\/1543"}],"wp:attachment":[{"href":"https:\/\/khangngoc.com\/en\/wp-json\/wp\/v2\/media?parent=3695"}],"curies":[{"name":"wp","href":"https:\/\/api.w.org\/{rel}","templated":true}]}}